{"id":1448,"date":"2025-08-11T16:16:50","date_gmt":"2025-08-11T14:16:50","guid":{"rendered":"https:\/\/antieluxuryevents.com\/contacto\/"},"modified":"2026-01-14T15:56:19","modified_gmt":"2026-01-14T14:56:19","slug":"contact","status":"publish","type":"page","link":"https:\/\/antieluxuryevents.com\/en\/contact\/","title":{"rendered":"Contact"},"content":{"rendered":"\t\t<div data-elementor-type=\"wp-page\" data-elementor-id=\"1448\" class=\"elementor elementor-1448 elementor-44\" data-elementor-post-type=\"page\">\n\t\t\t\t\t\t<section class=\"elementor-section elementor-top-section elementor-element elementor-element-2aab1864 elementor-section-full_width elementor-section-height-default elementor-section-height-default\" data-id=\"2aab1864\" data-element_type=\"section\">\n\t\t\t\t\t\t<div class=\"elementor-container elementor-column-gap-no\">\n\t\t\t\t\t<div class=\"elementor-column elementor-col-50 elementor-top-column elementor-element elementor-element-214af3c5\" data-id=\"214af3c5\" data-element_type=\"column\" data-settings=\"{&quot;background_background&quot;:&quot;classic&quot;}\">\n\t\t\t<div class=\"elementor-widget-wrap elementor-element-populated\">\n\t\t\t\t\t\t<section class=\"elementor-section elementor-inner-section elementor-element elementor-element-1e7824f elementor-section-full_width elementor-section-height-min-height animated-slow elementor-section-height-default elementor-invisible\" data-id=\"1e7824f\" data-element_type=\"section\" data-settings=\"{&quot;background_background&quot;:&quot;classic&quot;,&quot;sticky&quot;:&quot;top&quot;,&quot;sticky_on&quot;:[&quot;desktop&quot;,&quot;tablet&quot;],&quot;sticky_offset&quot;:20,&quot;sticky_parent&quot;:&quot;yes&quot;,&quot;animation&quot;:&quot;fadeIn&quot;,&quot;animation_delay&quot;:500,&quot;sticky_effects_offset&quot;:0,&quot;sticky_anchor_link_offset&quot;:0}\">\n\t\t\t\t\t\t<div class=\"elementor-container elementor-column-gap-no\">\n\t\t\t\t\t<div class=\"elementor-column elementor-col-100 elementor-inner-column elementor-element elementor-element-877ca50\" data-id=\"877ca50\" data-element_type=\"column\">\n\t\t\t<div class=\"elementor-widget-wrap\">\n\t\t\t\t\t\t\t<\/div>\n\t\t<\/div>\n\t\t\t\t\t<\/div>\n\t\t<\/section>\n\t\t\t\t\t<\/div>\n\t\t<\/div>\n\t\t\t\t<div class=\"elementor-column elementor-col-50 elementor-top-column elementor-element elementor-element-520b47a3\" data-id=\"520b47a3\" data-element_type=\"column\">\n\t\t\t<div class=\"elementor-widget-wrap elementor-element-populated\">\n\t\t\t\t\t\t<section class=\"elementor-section elementor-inner-section elementor-element elementor-element-1ebc917f elementor-section-height-min-height elementor-section-content-middle elementor-section-boxed elementor-section-height-default\" data-id=\"1ebc917f\" data-element_type=\"section\">\n\t\t\t\t\t\t<div class=\"elementor-container elementor-column-gap-no\">\n\t\t\t\t\t<div class=\"elementor-column elementor-col-100 elementor-inner-column elementor-element elementor-element-27f005aa\" data-id=\"27f005aa\" data-element_type=\"column\">\n\t\t\t<div class=\"elementor-widget-wrap elementor-element-populated\">\n\t\t\t\t\t\t<div class=\"elementor-element elementor-element-48f9397 animated-slow elementor-widget-mobile__width-initial elementor-invisible elementor-widget elementor-widget-heading\" data-id=\"48f9397\" data-element_type=\"widget\" data-settings=\"{&quot;_animation&quot;:&quot;fadeIn&quot;}\" data-widget_type=\"heading.default\">\n\t\t\t\t\t<h1 class=\"elementor-heading-title elementor-size-default\">Contact<\/h1>\t\t\t\t<\/div>\n\t\t\t\t<div class=\"elementor-element elementor-element-4b56c070 animated-slow elementor-invisible elementor-widget elementor-widget-text-editor\" data-id=\"4b56c070\" data-element_type=\"widget\" data-settings=\"{&quot;_animation&quot;:&quot;fadeIn&quot;,&quot;_animation_delay&quot;:100}\" data-widget_type=\"text-editor.default\">\n\t\t\t\t\t\t\t\t\t<p>At Anti\u00e9, we believe <strong>the best experiences start with a meaningful conversation<\/strong>. If you\u2019re thinking about hosting a luxury event in Seville or anywhere in Andalusia, we would be delighted to hear from you. Tell us your idea, your vision, or simply what you dream your event to be \u2014 and we\u2019ll bring it to life together. Our team will guide you every step of the way to design a unique, bespoke experience, crafted with care and attention to every detail.<\/p>\t\t\t\t\t\t\t\t<\/div>\n\t\t\t\t<div class=\"elementor-element elementor-element-2ed1224 animated-slow elementor-invisible elementor-widget elementor-widget-text-editor\" data-id=\"2ed1224\" data-element_type=\"widget\" data-settings=\"{&quot;_animation&quot;:&quot;fadeIn&quot;,&quot;_animation_delay&quot;:200}\" data-widget_type=\"text-editor.default\">\n\t\t\t\t\t\t\t\t\t<p><strong>PHONE<\/strong><br \/><a href=\"tel:+34687706815\">+34 <span style=\"color: #333333;\">687 706 815<\/span><\/a><\/p><p><strong>EMAIL<\/strong> <br \/><a href=\"mailto:hello@antieluxuryevents.com\">hello@antieluxuryevents.com<\/a><\/p>\t\t\t\t\t\t\t\t<\/div>\n\t\t\t\t<div class=\"elementor-element elementor-element-6b8a201 animated-slow elementor-button-align-stretch elementor-invisible elementor-widget elementor-widget-form\" data-id=\"6b8a201\" data-element_type=\"widget\" data-settings=\"{&quot;button_width&quot;:&quot;33&quot;,&quot;button_width_mobile&quot;:&quot;100&quot;,&quot;step_next_label&quot;:&quot;Siguiente&quot;,&quot;step_previous_label&quot;:&quot;Anterior&quot;,&quot;_animation&quot;:&quot;fadeIn&quot;,&quot;_animation_delay&quot;:300,&quot;step_type&quot;:&quot;number_text&quot;,&quot;step_icon_shape&quot;:&quot;circle&quot;}\" data-widget_type=\"form.default\">\n\t\t\t\t\t\t\t<form class=\"elementor-form\" method=\"post\" id=\"contact_form\" name=\"Contact\" aria-label=\"Contact\">\n\t\t\t<input type=\"hidden\" name=\"post_id\" value=\"1448\"\/>\n\t\t\t<input type=\"hidden\" name=\"form_id\" value=\"6b8a201\"\/>\n\t\t\t<input type=\"hidden\" name=\"referer_title\" value=\"Contact &#183; Anti\u00e9 Luxury Events\" \/>\n\n\t\t\t\t\t\t\t<input type=\"hidden\" name=\"queried_id\" value=\"1448\"\/>\n\t\t\t\n\t\t\t<div class=\"elementor-form-fields-wrapper elementor-labels-above\">\n\t\t\t\t\t\t\t\t<div class=\"elementor-field-type-text elementor-field-group elementor-column elementor-field-group-name elementor-col-50 elementor-field-required\">\n\t\t\t\t\t\t\t\t\t\t\t\t<label for=\"form-field-name\" class=\"elementor-field-label\">\n\t\t\t\t\t\t\t\tName\t\t\t\t\t\t\t<\/label>\n\t\t\t\t\t\t\t\t\t\t\t\t\t\t<input size=\"1\" type=\"text\" name=\"form_fields[name]\" id=\"form-field-name\" class=\"elementor-field elementor-size-sm  elementor-field-textual\" required=\"required\">\n\t\t\t\t\t\t\t\t\t\t\t<\/div>\n\t\t\t\t\t\t\t\t<div class=\"elementor-field-type-text elementor-field-group elementor-column elementor-field-group-last_name elementor-col-50 elementor-field-required\">\n\t\t\t\t\t\t\t\t\t\t\t\t<label for=\"form-field-last_name\" class=\"elementor-field-label\">\n\t\t\t\t\t\t\t\tLast name\t\t\t\t\t\t\t<\/label>\n\t\t\t\t\t\t\t\t\t\t\t\t\t\t<input size=\"1\" type=\"text\" name=\"form_fields[last_name]\" id=\"form-field-last_name\" class=\"elementor-field elementor-size-sm  elementor-field-textual\" required=\"required\">\n\t\t\t\t\t\t\t\t\t\t\t<\/div>\n\t\t\t\t\t\t\t\t<div class=\"elementor-field-type-radio elementor-field-group elementor-column elementor-field-group-event1 elementor-col-100 elementor-field-required\">\n\t\t\t\t\t\t\t\t\t\t\t\t<label for=\"form-field-event1\" class=\"elementor-field-label\">\n\t\t\t\t\t\t\t\tEvent Type\t\t\t\t\t\t\t<\/label>\n\t\t\t\t\t\t<div class=\"elementor-field-subgroup  \"><span class=\"elementor-field-option\"><input type=\"radio\" value=\"Business Event\" id=\"form-field-event1-0\" name=\"form_fields[event1]\" required=\"required\"> <label for=\"form-field-event1-0\">Business Event<\/label><\/span><span class=\"elementor-field-option\"><input type=\"radio\" value=\"Personal Event\" id=\"form-field-event1-1\" name=\"form_fields[event1]\" required=\"required\"> <label for=\"form-field-event1-1\">Personal Event<\/label><\/span><\/div>\t\t\t\t<\/div>\n\t\t\t\t\t\t\t\t<div class=\"elementor-field-type-text elementor-field-group elementor-column elementor-field-group-event2 elementor-col-100 elementor-field-required\">\n\t\t\t\t\t\t\t\t\t\t\t\t<label for=\"form-field-event2\" class=\"elementor-field-label\">\n\t\t\t\t\t\t\t\tIn the case of a business event, company name\t\t\t\t\t\t\t<\/label>\n\t\t\t\t\t\t\t\t\t\t\t\t\t\t<input size=\"1\" type=\"text\" name=\"form_fields[event2]\" id=\"form-field-event2\" class=\"elementor-field elementor-size-sm  elementor-field-textual\" required=\"required\">\n\t\t\t\t\t\t\t\t\t\t\t<\/div>\n\t\t\t\t\t\t\t\t<div class=\"elementor-field-type-email elementor-field-group elementor-column elementor-field-group-email elementor-col-50 elementor-field-required\">\n\t\t\t\t\t\t\t\t\t\t\t\t<label for=\"form-field-email\" class=\"elementor-field-label\">\n\t\t\t\t\t\t\t\tEmail\t\t\t\t\t\t\t<\/label>\n\t\t\t\t\t\t\t\t\t\t\t\t\t\t<input size=\"1\" type=\"email\" name=\"form_fields[email]\" id=\"form-field-email\" class=\"elementor-field elementor-size-sm  elementor-field-textual\" required=\"required\">\n\t\t\t\t\t\t\t\t\t\t\t<\/div>\n\t\t\t\t\t\t\t\t<div class=\"elementor-field-type-tel elementor-field-group elementor-column elementor-field-group-phone elementor-col-50 elementor-field-required\">\n\t\t\t\t\t\t\t\t\t\t\t\t<label for=\"form-field-phone\" class=\"elementor-field-label\">\n\t\t\t\t\t\t\t\tPhone\t\t\t\t\t\t\t<\/label>\n\t\t\t\t\t\t\t\t<input size=\"1\" type=\"tel\" name=\"form_fields[phone]\" id=\"form-field-phone\" class=\"elementor-field elementor-size-sm  elementor-field-textual\" required=\"required\" pattern=\"[0-9()#&amp;+*-=.]+\" title=\"Only numbers and phone characters (#, -, *, etc) are accepted.\">\n\n\t\t\t\t\t\t<\/div>\n\t\t\t\t\t\t\t\t<div class=\"elementor-field-type-text elementor-field-group elementor-column elementor-field-group-city1 elementor-col-50 elementor-field-required\">\n\t\t\t\t\t\t\t\t\t\t\t\t<label for=\"form-field-city1\" class=\"elementor-field-label\">\n\t\t\t\t\t\t\t\tCity where you live\t\t\t\t\t\t\t<\/label>\n\t\t\t\t\t\t\t\t\t\t\t\t\t\t<input size=\"1\" type=\"text\" name=\"form_fields[city1]\" id=\"form-field-city1\" class=\"elementor-field elementor-size-sm  elementor-field-textual\" required=\"required\">\n\t\t\t\t\t\t\t\t\t\t\t<\/div>\n\t\t\t\t\t\t\t\t<div class=\"elementor-field-type-text elementor-field-group elementor-column elementor-field-group-date elementor-col-50 elementor-field-required\">\n\t\t\t\t\t\t\t\t\t\t\t\t<label for=\"form-field-date\" class=\"elementor-field-label\">\n\t\t\t\t\t\t\t\tEvent date\t\t\t\t\t\t\t<\/label>\n\t\t\t\t\t\t\t\t\t\t\t\t\t\t<input size=\"1\" type=\"text\" name=\"form_fields[date]\" id=\"form-field-date\" class=\"elementor-field elementor-size-sm  elementor-field-textual\" required=\"required\">\n\t\t\t\t\t\t\t\t\t\t\t<\/div>\n\t\t\t\t\t\t\t\t<div class=\"elementor-field-type-text elementor-field-group elementor-column elementor-field-group-city2 elementor-col-100 elementor-field-required\">\n\t\t\t\t\t\t\t\t\t\t\t\t<label for=\"form-field-city2\" class=\"elementor-field-label\">\n\t\t\t\t\t\t\t\tCity where you want to hold the event\t\t\t\t\t\t\t<\/label>\n\t\t\t\t\t\t\t\t\t\t\t\t\t\t<input size=\"1\" type=\"text\" name=\"form_fields[city2]\" id=\"form-field-city2\" class=\"elementor-field elementor-size-sm  elementor-field-textual\" required=\"required\">\n\t\t\t\t\t\t\t\t\t\t\t<\/div>\n\t\t\t\t\t\t\t\t<div class=\"elementor-field-type-textarea elementor-field-group elementor-column elementor-field-group-message elementor-col-100 elementor-field-required\">\n\t\t\t\t\t\t\t\t\t\t\t\t<label for=\"form-field-message\" class=\"elementor-field-label\">\n\t\t\t\t\t\t\t\tCan you tell us some details about your event?\t\t\t\t\t\t\t<\/label>\n\t\t\t\t\t\t<textarea class=\"elementor-field-textual elementor-field  elementor-size-sm\" name=\"form_fields[message]\" id=\"form-field-message\" rows=\"5\" required=\"required\"><\/textarea>\t\t\t\t<\/div>\n\t\t\t\t\t\t\t\t<div class=\"elementor-field-type-textarea elementor-field-group elementor-column elementor-field-group-wwl elementor-col-100 elementor-field-required\">\n\t\t\t\t\t\t\t\t\t\t\t\t<label for=\"form-field-wwl\" class=\"elementor-field-label\">\n\t\t\t\t\t\t\t\tHow did you hear about us?\t\t\t\t\t\t\t<\/label>\n\t\t\t\t\t\t<textarea class=\"elementor-field-textual elementor-field  elementor-size-sm\" name=\"form_fields[wwl]\" id=\"form-field-wwl\" rows=\"5\" required=\"required\"><\/textarea>\t\t\t\t<\/div>\n\t\t\t\t\t\t\t\t<div class=\"elementor-field-type-acceptance elementor-field-group elementor-column elementor-field-group-field_79ec259 elementor-col-66 elementor-sm-100 elementor-field-required\">\n\t\t\t\t\t\t\t<div class=\"elementor-field-subgroup\">\n\t\t\t<span class=\"elementor-field-option\">\n\t\t\t\t<input type=\"checkbox\" name=\"form_fields[field_79ec259]\" id=\"form-field-field_79ec259\" class=\"elementor-field elementor-size-sm  elementor-acceptance-field\" required=\"required\" checked=\"checked\">\n\t\t\t\t<label for=\"form-field-field_79ec259\">I accept the Privacy Policy<\/label>\t\t\t<\/span>\n\t\t<\/div>\n\t\t\t\t\t\t<\/div>\n\t\t\t\t\t\t\t\t<div class=\"elementor-field-group elementor-column elementor-field-type-submit elementor-col-33 e-form__buttons elementor-sm-100\">\n\t\t\t\t\t<button class=\"elementor-button elementor-size-sm\" type=\"submit\">\n\t\t\t\t\t\t<span class=\"elementor-button-content-wrapper\">\n\t\t\t\t\t\t\t\t\t\t\t\t\t\t\t\t\t\t\t\t\t\t<span class=\"elementor-button-text\">SEND<\/span>\n\t\t\t\t\t\t\t\t\t\t\t\t\t<\/span>\n\t\t\t\t\t<\/button>\n\t\t\t\t<\/div>\n\t\t\t<\/div>\n\t\t<\/form>\n\t\t\t\t\t\t<\/div>\n\t\t\t\t\t<\/div>\n\t\t<\/div>\n\t\t\t\t\t<\/div>\n\t\t<\/section>\n\t\t\t\t\t<\/div>\n\t\t<\/div>\n\t\t\t\t\t<\/div>\n\t\t<\/section>\n\t\t\t\t<\/div>\n\t\t","protected":false},"excerpt":{"rendered":"<p>Contact At Anti\u00e9, we believe the best experiences start with a meaningful conversation. If you\u2019re thinking about hosting a luxury event in Seville or anywhere in Andalusia, we would be delighted to hear from you. Tell us your idea, your vision, or simply what you dream your event to be \u2014 and we\u2019ll bring it [&hellip;]<\/p>\n","protected":false},"author":1,"featured_media":0,"parent":0,"menu_order":0,"comment_status":"closed","ping_status":"closed","template":"","meta":{"footnotes":""},"class_list":["post-1448","page","type-page","status-publish","hentry"],"yoast_head":"<!-- This site is optimized with the Yoast SEO plugin v26.7 - https:\/\/yoast.com\/wordpress\/plugins\/seo\/ -->\n<title>Contact &#183; Anti\u00e9 Luxury Events<\/title>\n<meta name=\"description\" content=\"Plan your luxury event in Seville or anywhere in Andalusia with Anti\u00e9. Share your idea and create a unique, exclusive experience crafted down to the last detail.\" \/>\n<meta name=\"robots\" content=\"index, follow, max-snippet:-1, max-image-preview:large, max-video-preview:-1\" \/>\n<link rel=\"canonical\" href=\"https:\/\/antieluxuryevents.com\/en\/contact\/\" \/>\n<meta property=\"og:locale\" content=\"en_US\" \/>\n<meta property=\"og:type\" content=\"article\" \/>\n<meta property=\"og:title\" content=\"Contact &#183; Anti\u00e9 Luxury Events\" \/>\n<meta property=\"og:description\" content=\"Plan your luxury event in Seville or anywhere in Andalusia with Anti\u00e9. Share your idea and create a unique, exclusive experience crafted down to the last detail.\" \/>\n<meta property=\"og:url\" content=\"https:\/\/antieluxuryevents.com\/en\/contact\/\" \/>\n<meta property=\"og:site_name\" content=\"Anti\u00e9 Luxury Events\" \/>\n<meta property=\"article:modified_time\" content=\"2026-01-14T14:56:19+00:00\" \/>\n<meta name=\"twitter:card\" content=\"summary_large_image\" \/>\n<meta name=\"twitter:label1\" content=\"Est. reading time\" \/>\n\t<meta name=\"twitter:data1\" content=\"1 minute\" \/>\n<script type=\"application\/ld+json\" class=\"yoast-schema-graph\">{\"@context\":\"https:\/\/schema.org\",\"@graph\":[{\"@type\":\"WebPage\",\"@id\":\"https:\/\/antieluxuryevents.com\/en\/contact\/\",\"url\":\"https:\/\/antieluxuryevents.com\/en\/contact\/\",\"name\":\"Contact &#183; Anti\u00e9 Luxury Events\",\"isPartOf\":{\"@id\":\"https:\/\/antieluxuryevents.com\/en\/#website\"},\"datePublished\":\"2025-08-11T14:16:50+00:00\",\"dateModified\":\"2026-01-14T14:56:19+00:00\",\"description\":\"Plan your luxury event in Seville or anywhere in Andalusia with Anti\u00e9. Share your idea and create a unique, exclusive experience crafted down to the last detail.\",\"breadcrumb\":{\"@id\":\"https:\/\/antieluxuryevents.com\/en\/contact\/#breadcrumb\"},\"inLanguage\":\"en-US\",\"potentialAction\":[{\"@type\":\"ReadAction\",\"target\":[\"https:\/\/antieluxuryevents.com\/en\/contact\/\"]}]},{\"@type\":\"BreadcrumbList\",\"@id\":\"https:\/\/antieluxuryevents.com\/en\/contact\/#breadcrumb\",\"itemListElement\":[{\"@type\":\"ListItem\",\"position\":1,\"name\":\"Portada\",\"item\":\"https:\/\/antieluxuryevents.com\/en\/\"},{\"@type\":\"ListItem\",\"position\":2,\"name\":\"Contact\"}]},{\"@type\":\"WebSite\",\"@id\":\"https:\/\/antieluxuryevents.com\/en\/#website\",\"url\":\"https:\/\/antieluxuryevents.com\/en\/\",\"name\":\"Anti\u00e9 Luxury Events\",\"description\":\"Organizaci\u00f3n de eventos exclusivos de lujo en Sevilla y Andaluc\u00eda\",\"publisher\":{\"@id\":\"https:\/\/antieluxuryevents.com\/en\/#organization\"},\"alternateName\":\"Anti\u00e9, Luxury Events en Sevilla y Andaluc\u00eda\",\"potentialAction\":[{\"@type\":\"SearchAction\",\"target\":{\"@type\":\"EntryPoint\",\"urlTemplate\":\"https:\/\/antieluxuryevents.com\/en\/?s={search_term_string}\"},\"query-input\":{\"@type\":\"PropertyValueSpecification\",\"valueRequired\":true,\"valueName\":\"search_term_string\"}}],\"inLanguage\":\"en-US\"},{\"@type\":\"Organization\",\"@id\":\"https:\/\/antieluxuryevents.com\/en\/#organization\",\"name\":\"Anti\u00e9 Luxury Events\",\"alternateName\":\"Anti\u00e9, Luxury Events en Sevilla y Andaluc\u00eda\",\"url\":\"https:\/\/antieluxuryevents.com\/en\/\",\"logo\":{\"@type\":\"ImageObject\",\"inLanguage\":\"en-US\",\"@id\":\"https:\/\/antieluxuryevents.com\/en\/#\/schema\/logo\/image\/\",\"url\":\"https:\/\/antieluxuryevents.com\/wp-content\/uploads\/2025\/08\/antie-favicon.png\",\"contentUrl\":\"https:\/\/antieluxuryevents.com\/wp-content\/uploads\/2025\/08\/antie-favicon.png\",\"width\":2134,\"height\":2134,\"caption\":\"Anti\u00e9 Luxury Events\"},\"image\":{\"@id\":\"https:\/\/antieluxuryevents.com\/en\/#\/schema\/logo\/image\/\"}}]}<\/script>\n<!-- \/ Yoast SEO plugin. -->","yoast_head_json":{"title":"Contact &#183; Anti\u00e9 Luxury Events","description":"Plan your luxury event in Seville or anywhere in Andalusia with Anti\u00e9. Share your idea and create a unique, exclusive experience crafted down to the last detail.","robots":{"index":"index","follow":"follow","max-snippet":"max-snippet:-1","max-image-preview":"max-image-preview:large","max-video-preview":"max-video-preview:-1"},"canonical":"https:\/\/antieluxuryevents.com\/en\/contact\/","og_locale":"en_US","og_type":"article","og_title":"Contact &#183; Anti\u00e9 Luxury Events","og_description":"Plan your luxury event in Seville or anywhere in Andalusia with Anti\u00e9. Share your idea and create a unique, exclusive experience crafted down to the last detail.","og_url":"https:\/\/antieluxuryevents.com\/en\/contact\/","og_site_name":"Anti\u00e9 Luxury Events","article_modified_time":"2026-01-14T14:56:19+00:00","twitter_card":"summary_large_image","twitter_misc":{"Est. reading time":"1 minute"},"schema":{"@context":"https:\/\/schema.org","@graph":[{"@type":"WebPage","@id":"https:\/\/antieluxuryevents.com\/en\/contact\/","url":"https:\/\/antieluxuryevents.com\/en\/contact\/","name":"Contact &#183; Anti\u00e9 Luxury Events","isPartOf":{"@id":"https:\/\/antieluxuryevents.com\/en\/#website"},"datePublished":"2025-08-11T14:16:50+00:00","dateModified":"2026-01-14T14:56:19+00:00","description":"Plan your luxury event in Seville or anywhere in Andalusia with Anti\u00e9. Share your idea and create a unique, exclusive experience crafted down to the last detail.","breadcrumb":{"@id":"https:\/\/antieluxuryevents.com\/en\/contact\/#breadcrumb"},"inLanguage":"en-US","potentialAction":[{"@type":"ReadAction","target":["https:\/\/antieluxuryevents.com\/en\/contact\/"]}]},{"@type":"BreadcrumbList","@id":"https:\/\/antieluxuryevents.com\/en\/contact\/#breadcrumb","itemListElement":[{"@type":"ListItem","position":1,"name":"Portada","item":"https:\/\/antieluxuryevents.com\/en\/"},{"@type":"ListItem","position":2,"name":"Contact"}]},{"@type":"WebSite","@id":"https:\/\/antieluxuryevents.com\/en\/#website","url":"https:\/\/antieluxuryevents.com\/en\/","name":"Anti\u00e9 Luxury Events","description":"Organizaci\u00f3n de eventos exclusivos de lujo en Sevilla y Andaluc\u00eda","publisher":{"@id":"https:\/\/antieluxuryevents.com\/en\/#organization"},"alternateName":"Anti\u00e9, Luxury Events en Sevilla y Andaluc\u00eda","potentialAction":[{"@type":"SearchAction","target":{"@type":"EntryPoint","urlTemplate":"https:\/\/antieluxuryevents.com\/en\/?s={search_term_string}"},"query-input":{"@type":"PropertyValueSpecification","valueRequired":true,"valueName":"search_term_string"}}],"inLanguage":"en-US"},{"@type":"Organization","@id":"https:\/\/antieluxuryevents.com\/en\/#organization","name":"Anti\u00e9 Luxury Events","alternateName":"Anti\u00e9, Luxury Events en Sevilla y Andaluc\u00eda","url":"https:\/\/antieluxuryevents.com\/en\/","logo":{"@type":"ImageObject","inLanguage":"en-US","@id":"https:\/\/antieluxuryevents.com\/en\/#\/schema\/logo\/image\/","url":"https:\/\/antieluxuryevents.com\/wp-content\/uploads\/2025\/08\/antie-favicon.png","contentUrl":"https:\/\/antieluxuryevents.com\/wp-content\/uploads\/2025\/08\/antie-favicon.png","width":2134,"height":2134,"caption":"Anti\u00e9 Luxury Events"},"image":{"@id":"https:\/\/antieluxuryevents.com\/en\/#\/schema\/logo\/image\/"}}]}},"_links":{"self":[{"href":"https:\/\/antieluxuryevents.com\/en\/wp-json\/wp\/v2\/pages\/1448","targetHints":{"allow":["GET"]}}],"collection":[{"href":"https:\/\/antieluxuryevents.com\/en\/wp-json\/wp\/v2\/pages"}],"about":[{"href":"https:\/\/antieluxuryevents.com\/en\/wp-json\/wp\/v2\/types\/page"}],"author":[{"embeddable":true,"href":"https:\/\/antieluxuryevents.com\/en\/wp-json\/wp\/v2\/users\/1"}],"replies":[{"embeddable":true,"href":"https:\/\/antieluxuryevents.com\/en\/wp-json\/wp\/v2\/comments?post=1448"}],"version-history":[{"count":52,"href":"https:\/\/antieluxuryevents.com\/en\/wp-json\/wp\/v2\/pages\/1448\/revisions"}],"predecessor-version":[{"id":4537,"href":"https:\/\/antieluxuryevents.com\/en\/wp-json\/wp\/v2\/pages\/1448\/revisions\/4537"}],"wp:attachment":[{"href":"https:\/\/antieluxuryevents.com\/en\/wp-json\/wp\/v2\/media?parent=1448"}],"curies":[{"name":"wp","href":"https:\/\/api.w.org\/{rel}","templated":true}]}}